{"id":5726,"date":"2018-10-22T13:45:49","date_gmt":"2018-10-22T10:45:49","guid":{"rendered":"https:\/\/www.ekko-wp.com\/?page_id=5726"},"modified":"2025-09-02T23:56:30","modified_gmt":"2025-09-02T20:56:30","slug":"hakkimizda","status":"publish","type":"page","link":"https:\/\/giralzeytincilik.com\/en\/hakkimizda\/","title":{"rendered":"About Us"},"content":{"rendered":"<div class=\"wpb-content-wrapper\"><div data-vc-full-width=\"true\" data-vc-full-width-init=\"false\" class=\"vc_row wpb_row vc_row-fluid under-menu-topbar vc_custom_1679689638401 vc_row-has-fill vc_row-has-padding-top vc_row-has-padding-bottom\"><div class=\"wpb_column vc_column_container vc_col-sm-12 vc_col-lg-offset-0 vc_col-md-offset-0 vc_col-sm-offset-0 vc_col-xs-offset-2 vc_col-xs-8\"><div class=\"vc_column-inner\"><div class=\"wpb_wrapper\"><header class=\"kd-section-title vc_col-lg-6 vc_col-sm-8 text-center     vc_custom_1679689901414\" ><\/header><\/div><\/div><\/div><\/div><div class=\"vc_row-full-width vc_clearfix\"><\/div><div class=\"vc_row wpb_row vc_row-fluid vc_custom_1555661798285 vc_row-has-fill vc_row-has-padding-top vc_row-has-padding-left vc_row-has-padding-right\"><div class=\"wpb_column vc_column_container vc_col-sm-12\"><div class=\"vc_column-inner\"><div class=\"wpb_wrapper\"><div class=\"vc_row wpb_row vc_inner vc_row-fluid\"><div class=\"wpb_column vc_column_container vc_col-sm-4 vc_col-lg-4 vc_col-md-12\"><div class=\"vc_column-inner vc_custom_1519734939213\"><div class=\"wpb_wrapper\"><h2 style=\"font-size: 36px;line-height: 42px;text-align: left\" class=\"vc_custom_heading\" >From the Branch to Your Table<br \/>\nNatural Flover<\/h2><\/div><\/div><\/div><div class=\"wpb_column vc_column_container vc_col-sm-8 vc_col-lg-8 vc_col-md-12\"><div class=\"vc_column-inner\"><div class=\"wpb_wrapper\"><h6 style=\"text-align: left\" class=\"vc_custom_heading\" >Giral selects high-quality olives from the best olive-growing regions in Turkiye. The olives arrive at our processing facilities, where they are processed using advanced technology. This ensures that they reach your table hygienically preserved, with all their freshness and exquisite flavor intact.<\/p>\n<p>Giral Olive Corporate is passionate about quality, evident at every stage, from harvesting olives to processing, packaging, and marketing. The farm holds ISO 22000:2018 Quality System Certification and Halal Certification.<\/p>\n<p>Giral Olive Corporate offers consumers a wide variety of products, including different types of olives, stuffed olives, sliced olives, and olive paste.<\/p>\n<p>Natural black olives, which appeal to the Turkish palate, are among Giral's core products. Oily brined black olives, on the other hand, are naturally flavored in brine, and then oil is added to give them their unique taste before they reach consumers.<\/h6>\n\t<div  class=\"wpb_single_image wpb_content_element vc_align_left\">\n\t\t\n\t\t<figure class=\"wpb_wrapper vc_figure\">\n\t\t\t<div class=\"vc_single_image-wrapper   vc_box_border_grey\"><img loading=\"lazy\" decoding=\"async\" width=\"600\" height=\"277\" src=\"https:\/\/giralzeytincilik.com\/wp-content\/uploads\/2024\/06\/fabrika.jpg\" class=\"vc_single_image-img attachment-full\" alt=\"\" title=\"fabrika\" srcset=\"https:\/\/giralzeytincilik.com\/wp-content\/uploads\/2024\/06\/fabrika.jpg 600w, https:\/\/giralzeytincilik.com\/wp-content\/uploads\/2024\/06\/fabrika-300x139.jpg 300w\" sizes=\"auto, (max-width: 600px) 100vw, 600px\" \/><\/div>\n\t\t<\/figure>\n\t<\/div>\n<\/div><\/div><\/div><\/div><div class=\"vc_empty_space\"   style=\"height: 32px\"><span class=\"vc_empty_space_inner\"><\/span><\/div><div class=\"kd-image-comparison\" >\n\t\t\t\t<figure class=\"cd-image-container\"><img loading=\"lazy\" decoding=\"async\" width=\"1024\" height=\"768\" src=\"https:\/\/giralzeytincilik.com\/wp-content\/uploads\/2025\/03\/Giral_fabrika_tepe_5.webp\" class=\"attachment-full\" alt=\"\" title=\"Giral_fabrika_tepe_5\" srcset=\"https:\/\/giralzeytincilik.com\/wp-content\/uploads\/2025\/03\/Giral_fabrika_tepe_5.webp 1024w, https:\/\/giralzeytincilik.com\/wp-content\/uploads\/2025\/03\/Giral_fabrika_tepe_5-800x600.webp 800w, https:\/\/giralzeytincilik.com\/wp-content\/uploads\/2025\/03\/Giral_fabrika_tepe_5-300x225.webp 300w, https:\/\/giralzeytincilik.com\/wp-content\/uploads\/2025\/03\/Giral_fabrika_tepe_5-768x576.webp 768w\" sizes=\"auto, (max-width: 1024px) 100vw, 1024px\" \/><div class=\"cd-resize-img\"><img loading=\"lazy\" decoding=\"async\" width=\"1024\" height=\"768\" src=\"https:\/\/giralzeytincilik.com\/wp-content\/uploads\/2025\/03\/Giral_fabrika_tepe_9.webp\" class=\"attachment-full\" alt=\"\" title=\"Giral_fabrika_tepe_9\" srcset=\"https:\/\/giralzeytincilik.com\/wp-content\/uploads\/2025\/03\/Giral_fabrika_tepe_9.webp 1024w, https:\/\/giralzeytincilik.com\/wp-content\/uploads\/2025\/03\/Giral_fabrika_tepe_9-800x600.webp 800w, https:\/\/giralzeytincilik.com\/wp-content\/uploads\/2025\/03\/Giral_fabrika_tepe_9-300x225.webp 300w, https:\/\/giralzeytincilik.com\/wp-content\/uploads\/2025\/03\/Giral_fabrika_tepe_9-768x576.webp 768w\" sizes=\"auto, (max-width: 1024px) 100vw, 1024px\" \/><\/div>\n\n\t\t\t\t\t<span class=\"cd-handle\"><\/span>\n\t\t\t\t<\/figure>\n\t\t\t<\/div><\/div><\/div><\/div><\/div><div data-vc-full-width=\"true\" data-vc-full-width-init=\"false\" class=\"vc_row wpb_row vc_row-fluid vc_custom_1555684303434 vc_row-has-fill vc_row-has-padding-top vc_row-has-padding-bottom\"><div class=\"wpb_column vc_column_container vc_col-sm-12\"><div class=\"vc_column-inner\"><div class=\"wpb_wrapper\"><div class=\"vc_row wpb_row vc_inner vc_row-fluid\"><div class=\"wpb_column vc_column_container vc_col-sm-3 vc_hidden-xs\"><div class=\"vc_column-inner\"><div class=\"wpb_wrapper\"><\/div><\/div><\/div><div class=\"wpb_column vc_column_container vc_col-sm-6\"><div class=\"vc_column-inner\"><div class=\"wpb_wrapper\">\n\t<div class=\"wpb_text_column wpb_content_element  wpb_animate_when_almost_visible wpb_fadeIn fadeIn\" >\n\t\t<div class=\"wpb_wrapper\">\n\t\t\t<h6 style=\"text-align: center;\">The rising value of olives<\/h6>\n\n\t\t<\/div>\n\t<\/div>\n<div class=\"vc_empty_space\"   style=\"height: 25px\"><span class=\"vc_empty_space_inner\"><\/span><\/div><header class=\"kd-section-title col-lg-12 text-center  kd-animated fadeIn\" data-animation-delay=\"200\"><h2 class=\"separator_off\" >We are delicious because we are natural, and we are loved because we are delicious.<\/h2><\/header><\/div><\/div><\/div><div class=\"wpb_column vc_column_container vc_col-sm-3 vc_hidden-xs\"><div class=\"vc_column-inner\"><div class=\"wpb_wrapper\"><\/div><\/div><\/div><\/div><div class=\"vc_row wpb_row vc_inner vc_row-fluid vc_custom_1556018075864\"><div class=\"wpb_column vc_column_container vc_col-sm-12\"><div class=\"vc_column-inner\"><div class=\"wpb_wrapper\">\r\n            <div class=\"kd-process-steps process_three_elem process-checkbox-template\">\r\n                <ul>\r\n                <li class=\"pss-item kd-animated fadeIn\"  >\r\n                    <div class=\"pss-container\"><div class=\"pss-step-number\"><span >1<\/span><\/div><div class=\"pss-text-area\">\r\n                            <h5 >From the harvests of Gemlik and its region...<\/h5>\r\n                            <p >We select our products from regions where the highest quality olives in our country are grown.<\/p><\/div>\r\n                    <\/div>\r\n                <\/li>\r\n                <li class=\"pss-item kd-animated fadeIn\"  data-animation-delay=\"200\">\r\n                    <div class=\"pss-container\"><div class=\"pss-step-number\"><span >2<\/span><\/div><div class=\"pss-text-area\">\r\n                            <h5 >Natural fermentation<\/h5>\r\n                            <p >We use traditional stone-pressing methods to ferment and process our black olives.<\/p><\/div>\r\n                    <\/div>\r\n                <\/li>\r\n                <li class=\"pss-item kd-animated fadeIn\"  data-animation-delay=\"400\">\r\n                    <div class=\"pss-container\"><div class=\"pss-step-number\"><span >3<\/span><\/div><div class=\"pss-text-area\">\r\n                            <h5 >No additives, No coloring, 100% natural<\/h5>\r\n                            <p >We process our olives using natural and traditional methods, and we package them in their most natural state.<\/p><\/div>\r\n                    <\/div>\r\n                <\/li><\/ul>\r\n            <\/div><\/div><\/div><\/div><\/div><\/div><\/div><\/div><\/div><div class=\"vc_row-full-width vc_clearfix\"><\/div><div data-vc-full-width=\"true\" data-vc-full-width-init=\"false\" class=\"vc_row wpb_row vc_row-fluid vc_custom_1555684701846 vc_row-has-padding-top\"><div class=\"wpb_column vc_column_container vc_col-sm-12\"><div class=\"vc_column-inner vc_custom_1516029502203\"><div class=\"wpb_wrapper\"><div class=\"vc_row wpb_row vc_inner vc_row-fluid vc_custom_1516030120585 vc_row-has-padding-bottom\"><div class=\"wpb_column vc_column_container vc_col-sm-12\"><div class=\"vc_column-inner vc_custom_1516029494833\"><div class=\"wpb_wrapper\">\r\n                <div class=\"review-carousel rc-parent kd-rwc-69e4b3dd9afe2 black-navigation nav-arrows\">\r\n                    <div class=\"rc-content\">\r\n                <div class=\"key-reviews\"  ><div class=\"rw-author-details\"><div class=\"rw_img_wrapper\">\r\n                            <div class=\"rw-authorimg\"><img decoding=\"async\" src=\"https:\/\/www.ekko-wp.com\/wp-content\/uploads\/sites\/3\/2018\/10\/testimonial1.jpg\"  \/><\/div>\r\n                        <\/div><h5 >Cemile GUNGOR<\/h5>\r\n                      <p >Gaziantep, Turkiye<\/p>\r\n                    <\/div><div class=\"rw_message\" >It's great to find such tasty black olives in our area. I'm grateful for the Giral brand.<\/div><div class=\"rw_rating\">\r\n                         <span class=\"fa fa-star\" style=\"color: #ffc662;\"><\/span><span class=\"fa fa-star\" style=\"color: #ffc662;\"><\/span><span class=\"fa fa-star\" style=\"color: #ffc662;\"><\/span><span class=\"fa fa-star\" style=\"color: #ffc662;\"><\/span><span class=\"fa fa-star\" style=\"color: #ffc662;\"><\/span>\r\n                      <\/div><\/div>\r\n                <div class=\"key-reviews\"  ><div class=\"rw-author-details\"><div class=\"rw_img_wrapper\">\r\n                            <div class=\"rw-authorimg\"><img decoding=\"async\" src=\"https:\/\/www.ekko-wp.com\/wp-content\/uploads\/sites\/3\/2018\/10\/testimonial2.jpg\"  \/><\/div>\r\n                        <\/div><h5 >Kerim AYDIN<\/h5>\r\n                      <p >Mardin, Turkiye<\/p>\r\n                    <\/div><div class=\"rw_message\" >We used to get delicious olives from our friends, but now, thanks to you, we can enjoy real, tasty olives. Thanks to the Giral team.<\/div><div class=\"rw_rating\">\r\n                         <span class=\"fa fa-star\" style=\"color: #ffc662;\"><\/span><span class=\"fa fa-star\" style=\"color: #ffc662;\"><\/span><span class=\"fa fa-star\" style=\"color: #ffc662;\"><\/span><span class=\"fa fa-star\" style=\"color: #ffc662;\"><\/span><span class=\"fa fa-star\" style=\"color: #ffc662;\"><\/span>\r\n                      <\/div><\/div>\r\n                <div class=\"key-reviews\"  ><div class=\"rw-author-details\"><div class=\"rw_img_wrapper\">\r\n                            <div class=\"rw-authorimg\"><img decoding=\"async\" src=\"https:\/\/www.ekko-wp.com\/wp-content\/uploads\/sites\/3\/2018\/10\/testimonial3.jpg\"  \/><\/div>\r\n                        <\/div><h5 >Fatma GEZGIN<\/h5>\r\n                      <p >Mardin, Turkiye<\/p>\r\n                    <\/div><div class=\"rw_message\" >For those of us accustomed to subpar products in our region, Giral Olive has shattered all our preconceptions. I highly recommend it\u2014it gets a perfect 10 out of 10.<\/div><div class=\"rw_rating\">\r\n                         <span class=\"fa fa-star\" style=\"color: #ffc662;\"><\/span><span class=\"fa fa-star\" style=\"color: #ffc662;\"><\/span><span class=\"fa fa-star\" style=\"color: #ffc662;\"><\/span><span class=\"fa fa-star\" style=\"color: #ffc662;\"><\/span><span class=\"fa fa-star\" style=\"color: #ffc662;\"><\/span>\r\n                      <\/div><\/div><\/div>\r\n                <\/div><script type=\"text\/javascript\">\r\n          \t\t\t\tjQuery(document).ready(function($){\r\n                    if ($(\".review-carousel.kd-rwc-69e4b3dd9afe2 .rc-content\").length) {\r\n                      $(\".review-carousel.kd-rwc-69e4b3dd9afe2 .rc-content\").owlCarousel({\r\n                        stageClass: \"owl-wrapper\",\r\n                        stageOuterClass: \"owl-wrapper-outer\",\r\n                        loadedClass: \"owl-carousel\",responsive:{\r\n                            0:{\r\n                                items:1,\r\n                                dots: false,\r\n                                nav: true,\r\n                                navSpeed: 500,\r\n                            },\r\n                            768:{\r\n                                items:2,\r\n                            },\r\n                            1024:{\r\n                                items:3,\r\n                            },\r\n                            1366:{nav: true,\r\n                                  navSpeed: 500,\r\n                                  dots: false,}\r\n                        },loop: true,rewind: true,\r\n                        addClassActive: true,\r\n                      });\r\n                    }\r\n          \t\t\t\t});\r\n          \t\t\t<\/script><\/div><\/div><\/div><\/div><\/div><\/div><\/div><\/div><div class=\"vc_row-full-width vc_clearfix\"><\/div>\n<\/div>","protected":false},"excerpt":{"rendered":"Dal\u0131ndan Sofran\u0131za Do\u011fal LezzetGiral, y\u00fcksek kalite zeytinleri T\u00fcrkiye\u2019nin en iyi zeytin yeti\u015ftiren b\u00f6lgelerinden se\u00e7mektedir. Topland\u0131\u011f\u0131 tesislerimize gelen zeytinler, ileri teknoloji [...]","protected":false},"author":1,"featured_media":0,"parent":0,"menu_order":0,"comment_status":"closed","ping_status":"closed","template":"","meta":{"footnotes":""},"class_list":["post-5726","page","type-page","status-publish","hentry"],"_links":{"self":[{"href":"https:\/\/giralzeytincilik.com\/en\/wp-json\/wp\/v2\/pages\/5726","targetHints":{"allow":["GET"]}}],"collection":[{"href":"https:\/\/giralzeytincilik.com\/en\/wp-json\/wp\/v2\/pages"}],"about":[{"href":"https:\/\/giralzeytincilik.com\/en\/wp-json\/wp\/v2\/types\/page"}],"author":[{"embeddable":true,"href":"https:\/\/giralzeytincilik.com\/en\/wp-json\/wp\/v2\/users\/1"}],"replies":[{"embeddable":true,"href":"https:\/\/giralzeytincilik.com\/en\/wp-json\/wp\/v2\/comments?post=5726"}],"version-history":[{"count":23,"href":"https:\/\/giralzeytincilik.com\/en\/wp-json\/wp\/v2\/pages\/5726\/revisions"}],"predecessor-version":[{"id":7862,"href":"https:\/\/giralzeytincilik.com\/en\/wp-json\/wp\/v2\/pages\/5726\/revisions\/7862"}],"wp:attachment":[{"href":"https:\/\/giralzeytincilik.com\/en\/wp-json\/wp\/v2\/media?parent=5726"}],"curies":[{"name":"wp","href":"https:\/\/api.w.org\/{rel}","templated":true}]}}